{"id":645,"date":"2024-07-05T20:30:00","date_gmt":"2024-07-05T20:30:00","guid":{"rendered":"https:\/\/get-out.pl\/?page_id=645"},"modified":"2026-01-14T16:23:00","modified_gmt":"2026-01-14T15:23:00","slug":"cennik","status":"publish","type":"page","link":"https:\/\/get-out.pl\/?page_id=645","title":{"rendered":"cennik"},"content":{"rendered":"\t\t<div data-elementor-type=\"wp-page\" data-elementor-id=\"645\" class=\"elementor elementor-645\" data-elementor-settings=\"{&quot;element_pack_global_tooltip_width&quot;:{&quot;unit&quot;:&quot;px&quot;,&quot;size&quot;:&quot;&quot;,&quot;sizes&quot;:[]},&quot;element_pack_global_tooltip_width_tablet&quot;:{&quot;unit&quot;:&quot;px&quot;,&quot;size&quot;:&quot;&quot;,&quot;sizes&quot;:[]},&quot;element_pack_global_tooltip_width_mobile&quot;:{&quot;unit&quot;:&quot;px&quot;,&quot;size&quot;:&quot;&quot;,&quot;sizes&quot;:[]},&quot;element_pack_global_tooltip_padding&quot;:{&quot;unit&quot;:&quot;px&quot;,&quot;top&quot;:&quot;&quot;,&quot;right&quot;:&quot;&quot;,&quot;bottom&quot;:&quot;&quot;,&quot;left&quot;:&quot;&quot;,&quot;isLinked&quot;:true},&quot;element_pack_global_tooltip_padding_tablet&quot;:{&quot;unit&quot;:&quot;px&quot;,&quot;top&quot;:&quot;&quot;,&quot;right&quot;:&quot;&quot;,&quot;bottom&quot;:&quot;&quot;,&quot;left&quot;:&quot;&quot;,&quot;isLinked&quot;:true},&quot;element_pack_global_tooltip_padding_mobile&quot;:{&quot;unit&quot;:&quot;px&quot;,&quot;top&quot;:&quot;&quot;,&quot;right&quot;:&quot;&quot;,&quot;bottom&quot;:&quot;&quot;,&quot;left&quot;:&quot;&quot;,&quot;isLinked&quot;:true},&quot;element_pack_global_tooltip_border_radius&quot;:{&quot;unit&quot;:&quot;px&quot;,&quot;top&quot;:&quot;&quot;,&quot;right&quot;:&quot;&quot;,&quot;bottom&quot;:&quot;&quot;,&quot;left&quot;:&quot;&quot;,&quot;isLinked&quot;:true},&quot;element_pack_global_tooltip_border_radius_tablet&quot;:{&quot;unit&quot;:&quot;px&quot;,&quot;top&quot;:&quot;&quot;,&quot;right&quot;:&quot;&quot;,&quot;bottom&quot;:&quot;&quot;,&quot;left&quot;:&quot;&quot;,&quot;isLinked&quot;:true},&quot;element_pack_global_tooltip_border_radius_mobile&quot;:{&quot;unit&quot;:&quot;px&quot;,&quot;top&quot;:&quot;&quot;,&quot;right&quot;:&quot;&quot;,&quot;bottom&quot;:&quot;&quot;,&quot;left&quot;:&quot;&quot;,&quot;isLinked&quot;:true}}\" data-elementor-post-type=\"page\">\n\t\t\t\t\t\t<section class=\"elementor-section elementor-top-section elementor-element elementor-element-d355503 elementor-section-boxed elementor-section-height-default elementor-section-height-default\" data-id=\"d355503\" data-element_type=\"section\" data-settings=\"{&quot;background_background&quot;:&quot;video&quot;,&quot;background_video_link&quot;:&quot;https:\\\/\\\/get-out.pl\\\/wp-content\\\/uploads\\\/2024\\\/07\\\/transition-1.mp4&quot;,&quot;background_play_on_mobile&quot;:&quot;yes&quot;}\">\n\t\t\t\t\t\t\t\t<div class=\"elementor-background-video-container\" aria-hidden=\"true\">\n\t\t\t\t\t\t\t\t\t\t\t\t\t<video class=\"elementor-background-video-hosted\" autoplay muted playsinline loop><\/video>\n\t\t\t\t\t\t\t\t\t\t\t<\/div>\n\t\t\t\t\t\t\t\t\t<div class=\"elementor-background-overlay\"><\/div>\n\t\t\t\t\t\t\t<div class=\"elementor-container elementor-column-gap-default\">\n\t\t\t\t\t<div class=\"elementor-column elementor-col-100 elementor-top-column elementor-element elementor-element-9cff10a\" data-id=\"9cff10a\" data-element_type=\"column\">\n\t\t\t<div class=\"elementor-widget-wrap elementor-element-populated\">\n\t\t\t\t\t\t<div class=\"elementor-element elementor-element-cc422cf elementor-widget elementor-widget-xel-glitch-heading\" data-id=\"cc422cf\" data-element_type=\"widget\" data-widget_type=\"xel-glitch-heading.default\">\n\t\t\t\t<div class=\"elementor-widget-container\">\n\t\t\t\t\t\t\t<div id=\"xel-cc422cf\" class=\"xel-glitch-heading\" data-json=\"{&quot;color_glitch&quot;:&quot;&quot;,&quot;color_glitch_2&quot;:&quot;&quot;,&quot;magnitude&quot;:3}\">\r\n\t\t\t<h2 class=\"xel-glitch-heading-title\">\r\n\t\t\t\t<span class=\"xel-glitch-heading-effect\">cennik<\/span>\t\t\t<\/h2>\r\n\t\t<\/div>\r\n\t\t\t\t<\/div>\n\t\t\t\t<\/div>\n\t\t\t\t\t<\/div>\n\t\t<\/div>\n\t\t\t\t\t<\/div>\n\t\t<\/section>\n\t\t\t\t<section class=\"elementor-section elementor-top-section elementor-element elementor-element-5b262ac elementor-reverse-tablet elementor-reverse-mobile elementor-section-boxed elementor-section-height-default elementor-section-height-default\" data-id=\"5b262ac\" data-element_type=\"section\" data-settings=\"{&quot;background_background&quot;:&quot;video&quot;,&quot;background_video_link&quot;:&quot;https:\\\/\\\/get-out.pl\\\/wp-content\\\/uploads\\\/2024\\\/07\\\/transition-1.mp4&quot;,&quot;background_play_on_mobile&quot;:&quot;yes&quot;}\">\n\t\t\t\t\t\t\t\t<div class=\"elementor-background-video-container\" aria-hidden=\"true\">\n\t\t\t\t\t\t\t\t\t\t\t\t\t<video class=\"elementor-background-video-hosted\" autoplay muted playsinline loop><\/video>\n\t\t\t\t\t\t\t\t\t\t\t<\/div>\n\t\t\t\t\t\t\t\t\t<div class=\"elementor-background-overlay\"><\/div>\n\t\t\t\t\t\t\t<div class=\"elementor-container elementor-column-gap-default\">\n\t\t\t\t\t<div class=\"elementor-column elementor-col-100 elementor-top-column elementor-element elementor-element-6d7e11b\" data-id=\"6d7e11b\" data-element_type=\"column\">\n\t\t\t<div class=\"elementor-widget-wrap elementor-element-populated\">\n\t\t\t\t\t\t<div class=\"elementor-element elementor-element-3f750e0 elementor-widget elementor-widget-image\" data-id=\"3f750e0\" data-element_type=\"widget\" data-widget_type=\"image.default\">\n\t\t\t\t<div class=\"elementor-widget-container\">\n\t\t\t\t\t\t\t\t\t\t\t\t\t\t\t\t<a href=\"https:\/\/get-out.pl\/wp-content\/uploads\/2026\/01\/cennik-getout.webp\" data-elementor-open-lightbox=\"yes\" data-elementor-lightbox-title=\"cennik-getout\" data-e-action-hash=\"#elementor-action%3Aaction%3Dlightbox%26settings%3DeyJpZCI6MTc4NywidXJsIjoiaHR0cHM6XC9cL2dldC1vdXQucGxcL3dwLWNvbnRlbnRcL3VwbG9hZHNcLzIwMjZcLzAxXC9jZW5uaWstZ2V0b3V0LndlYnAifQ%3D%3D\">\n\t\t\t\t\t\t\t<img fetchpriority=\"high\" decoding=\"async\" width=\"768\" height=\"768\" src=\"https:\/\/get-out.pl\/wp-content\/uploads\/2026\/01\/cennik-getout-768x768.webp\" class=\"attachment-medium_large size-medium_large wp-image-1787\" alt=\"cennik getout - escape room jaworzno\" srcset=\"https:\/\/get-out.pl\/wp-content\/uploads\/2026\/01\/cennik-getout-768x768.webp 768w, https:\/\/get-out.pl\/wp-content\/uploads\/2026\/01\/cennik-getout-300x300.webp 300w, https:\/\/get-out.pl\/wp-content\/uploads\/2026\/01\/cennik-getout-150x150.webp 150w, https:\/\/get-out.pl\/wp-content\/uploads\/2026\/01\/cennik-getout-600x600.webp 600w, https:\/\/get-out.pl\/wp-content\/uploads\/2026\/01\/cennik-getout-100x100.webp 100w, https:\/\/get-out.pl\/wp-content\/uploads\/2026\/01\/cennik-getout.webp 1000w\" sizes=\"(max-width: 768px) 100vw, 768px\" title=\"\">\t\t\t\t\t\t\t\t<\/a>\n\t\t\t\t\t\t\t\t\t\t\t\t\t\t\t<\/div>\n\t\t\t\t<\/div>\n\t\t\t\t<div class=\"elementor-element elementor-element-35d0a95 elementor-hidden-desktop elementor-hidden-tablet elementor-hidden-mobile elementor-widget elementor-widget-html\" data-id=\"35d0a95\" data-element_type=\"widget\" data-widget_type=\"html.default\">\n\t\t\t\t<div class=\"elementor-widget-container\">\n\t\t\t\t\t<table>\r\n  <caption><strong>\u015amiertelne Dziedzictwo<\/strong> \u2013 60 minut<\/caption>\r\n  <thead>\r\n    <tr>\r\n      <th scope=\"col\">Liczba os\u00f3b<\/th>\r\n      <th scope=\"col\">Wt\u2013Czw<\/th>\r\n      <th scope=\"col\">Pt\u2013Ndz<\/th>\r\n    <\/tr>\r\n  <\/thead>\r\n  <tbody>\r\n    <tr>\r\n      <th scope=\"row\">2 osoby<\/th>\r\n      <td>170 z\u0142<\/td>\r\n      <td>190 z\u0142<\/td>\r\n    <\/tr>\r\n    <tr>\r\n      <th scope=\"row\">3 osoby<\/th>\r\n      <td>190 z\u0142<\/td>\r\n      <td>210 z\u0142<\/td>\r\n    <\/tr>\r\n    <tr>\r\n      <th scope=\"row\">4 osoby<\/th>\r\n      <td>210 z\u0142<\/td>\r\n      <td>230 z\u0142<\/td>\r\n    <\/tr>\r\n  <\/tbody>\r\n<\/table>\r\n\r\n<br>\r\n\r\n<table>\r\n  <caption><strong>Tajemnica Kolekcjonera<\/strong> \u2013 90 minut<\/caption>\r\n  <thead>\r\n    <tr>\r\n      <th scope=\"col\">Liczba os\u00f3b<\/th>\r\n      <th scope=\"col\">Wt\u2013Czw<\/th>\r\n      <th scope=\"col\">Pt\u2013Ndz<\/th>\r\n    <\/tr>\r\n  <\/thead>\r\n  <tbody>\r\n    <tr>\r\n      <th scope=\"row\">2 osoby<\/th>\r\n      <td>190 z\u0142<\/td>\r\n      <td>210 z\u0142<\/td>\r\n    <\/tr>\r\n    <tr>\r\n      <th scope=\"row\">3 osoby<\/th>\r\n      <td>220 z\u0142<\/td>\r\n      <td>240 z\u0142<\/td>\r\n    <\/tr>\r\n    <tr>\r\n      <th scope=\"row\">4 osoby<\/th>\r\n      <td>240 z\u0142<\/td>\r\n      <td>260 z\u0142<\/td>\r\n    <\/tr>\r\n    <tr>\r\n      <th scope=\"row\">5 os\u00f3b<\/th>\r\n      <td>240 z\u0142<\/td>\r\n      <td>280 z\u0142<\/td>\r\n    <\/tr>\r\n  <\/tbody>\r\n<\/table>\r\n\r\n<br>\r\n\r\n<table>\r\n  <caption><strong>Wi\u0119zienne Mury<\/strong> \u2013 90 minut<\/caption>\r\n  <thead>\r\n    <tr>\r\n      <th scope=\"col\">Liczba os\u00f3b<\/th>\r\n      <th scope=\"col\">Wt\u2013Czw<\/th>\r\n      <th scope=\"col\">Pt\u2013Ndz<\/th>\r\n    <\/tr>\r\n  <\/thead>\r\n  <tbody>\r\n    <tr>\r\n      <th scope=\"row\">2 osoby<\/th>\r\n      <td>190 z\u0142<\/td>\r\n      <td>210 z\u0142<\/td>\r\n    <\/tr>\r\n    <tr>\r\n      <th scope=\"row\">3 osoby<\/th>\r\n      <td>220 z\u0142<\/td>\r\n      <td>240 z\u0142<\/td>\r\n    <\/tr>\r\n    <tr>\r\n      <th scope=\"row\">4 osoby<\/th>\r\n      <td>240 z\u0142<\/td>\r\n      <td>260 z\u0142<\/td>\r\n    <\/tr>\r\n  <\/tbody>\r\n<\/table>\t\t\t\t<\/div>\n\t\t\t\t<\/div>\n\t\t\t\t\t<\/div>\n\t\t<\/div>\n\t\t\t\t\t<\/div>\n\t\t<\/section>\n\t\t\t\t<\/div>\n\t\t","protected":false},"excerpt":{"rendered":"<p>cennik \u015amiertelne Dziedzictwo \u2013 60 minut Liczba os\u00f3b Wt\u2013Czw Pt\u2013Ndz 2 osoby 170 z\u0142 190 z\u0142 3 osoby 190 z\u0142 210 z\u0142 4 osoby 210 z\u0142 230 z\u0142 Tajemnica Kolekcjonera&hellip;<\/p>\n","protected":false},"author":1,"featured_media":0,"parent":0,"menu_order":0,"comment_status":"closed","ping_status":"closed","template":"elementor_header_footer","meta":{"footnotes":""},"class_list":["post-645","page","type-page","status-publish","hentry"],"_links":{"self":[{"href":"https:\/\/get-out.pl\/index.php?rest_route=\/wp\/v2\/pages\/645","targetHints":{"allow":["GET"]}}],"collection":[{"href":"https:\/\/get-out.pl\/index.php?rest_route=\/wp\/v2\/pages"}],"about":[{"href":"https:\/\/get-out.pl\/index.php?rest_route=\/wp\/v2\/types\/page"}],"author":[{"embeddable":true,"href":"https:\/\/get-out.pl\/index.php?rest_route=\/wp\/v2\/users\/1"}],"replies":[{"embeddable":true,"href":"https:\/\/get-out.pl\/index.php?rest_route=%2Fwp%2Fv2%2Fcomments&post=645"}],"version-history":[{"count":58,"href":"https:\/\/get-out.pl\/index.php?rest_route=\/wp\/v2\/pages\/645\/revisions"}],"predecessor-version":[{"id":1800,"href":"https:\/\/get-out.pl\/index.php?rest_route=\/wp\/v2\/pages\/645\/revisions\/1800"}],"wp:attachment":[{"href":"https:\/\/get-out.pl\/index.php?rest_route=%2Fwp%2Fv2%2Fmedia&parent=645"}],"curies":[{"name":"wp","href":"https:\/\/api.w.org\/{rel}","templated":true}]}}